{"id":192,"date":"2024-09-10T10:59:22","date_gmt":"2024-09-10T10:59:22","guid":{"rendered":"https:\/\/clases.academiaeureka.com.es\/clases\/?page_id=192"},"modified":"2024-09-16T09:15:07","modified_gmt":"2024-09-16T09:15:07","slug":"examenes-de-selectividad-evau-madrid","status":"publish","type":"page","link":"https:\/\/clases.academiaeureka.com.es\/clases\/recursos-para-estudiantes\/examenes-de-selectividad-evau-madrid\/","title":{"rendered":"EX\u00c1MENES DE SELECTIVIDAD \u2013 EvAU MADRID"},"content":{"rendered":"\n<h2 class=\"wp-block-heading has-large-font-size\">Prep\u00e1rate la Selectividad con Academia Eureka<\/h2>\n\n\n\n<p>Aqu\u00ed encontrar\u00e1s todos los ex\u00e1menes de las materias que entran en la EvAU de Madrid de los \u00faltimos a\u00f1os. <\/p>\n\n\n\n<div class=\"wp-block-uagb-container uagb-block-0509f380 default uagb-is-root-container\">\n<div class=\"wp-block-uagb-container uagb-block-00bca01a\">\n<div class=\"wp-block-uagb-buttons uagb-buttons__outer-wrap uagb-btn__default-btn uagb-btn-tablet__default-btn uagb-btn-mobile__default-btn uagb-block-0d644955\"><div class=\"uagb-buttons__wrap uagb-buttons-layout-wrap \">\n<div class=\"wp-block-uagb-buttons-child uagb-buttons__outer-wrap uagb-block-eb529fb0 wp-block-button\"><div class=\"uagb-button__wrapper\"><a class=\"uagb-buttons-repeater wp-block-button__link\" aria-label=\"\" href=\"https:\/\/clases.academiaeureka.com.es\/clases\/recursos-para-estudiantes\/examenes-de-selectividad-evau-madrid\/matematicas-ii-evau-madrid\/\" rel=\"follow noopener\" target=\"_self\" role=\"button\"><div class=\"uagb-button__link\">MATEM\u00c1TICAS II<\/div><\/a><\/div><\/div>\n<\/div><\/div>\n<\/div>\n\n\n\n<div class=\"wp-block-uagb-container uagb-block-da40ddb6\">\n<div class=\"wp-block-uagb-buttons uagb-buttons__outer-wrap uagb-btn__-btn uagb-btn-tablet__-btn uagb-btn-mobile__-btn uagb-block-87f7231b\"><div class=\"uagb-buttons__wrap uagb-buttons-layout-wrap \">\n<div class=\"wp-block-uagb-buttons-child uagb-buttons__outer-wrap uagb-block-41264f85 wp-block-button\"><div class=\"uagb-button__wrapper\"><a class=\"uagb-buttons-repeater wp-block-button__link\" aria-label=\"\" href=\"https:\/\/clases.academiaeureka.com.es\/clases\/matematicas-aplicadas-a-las-ciencias-sociales-ii-evau-madrid-evaluacion-para-el-acceso-a-la-universidad\/\" rel=\"follow noopener\" target=\"_self\" role=\"button\"><div class=\"uagb-button__link\">MATEM\u00c1TICAS CCSS II<\/div><\/a><\/div><\/div>\n<\/div><\/div>\n<\/div>\n<\/div>\n","protected":false},"excerpt":{"rendered":"<p>Prep\u00e1rate la Selectividad con Academia Eureka Aqu\u00ed encontrar\u00e1s todos los ex\u00e1menes de las materias que entran en la EvAU de [&hellip;]<\/p>\n","protected":false},"author":2,"featured_media":0,"parent":182,"menu_order":0,"comment_status":"closed","ping_status":"closed","template":"","meta":{"_uag_custom_page_level_css":"","site-sidebar-layout":"default","site-content-layout":"","ast-site-content-layout":"","site-content-style":"default","site-sidebar-style":"default","ast-global-header-display":"","ast-banner-title-visibility":"","ast-main-header-display":"","ast-hfb-above-header-display":"","ast-hfb-below-header-display":"","ast-hfb-mobile-header-display":"","site-post-title":"","ast-breadcrumbs-content":"","ast-featured-img":"","footer-sml-layout":"","theme-transparent-header-meta":"","adv-header-id-meta":"","stick-header-meta":"","header-above-stick-meta":"","header-main-stick-meta":"","header-below-stick-meta":"","astra-migrate-meta-layouts":"default","ast-page-background-enabled":"default","ast-page-background-meta":{"desktop":{"background-color":"var(--ast-global-color-4)","background-image":"","background-repeat":"repeat","background-position":"center center","background-size":"auto","background-attachment":"scroll","background-type":"","background-media":"","overlay-type":"","overlay-color":"","overlay-opacity":"","overlay-gradient":""},"tablet":{"background-color":"","background-image":"","background-repeat":"repeat","background-position":"center center","background-size":"auto","background-attachment":"scroll","background-type":"","background-media":"","overlay-type":"","overlay-color":"","overlay-opacity":"","overlay-gradient":""},"mobile":{"background-color":"","background-image":"","background-repeat":"repeat","background-position":"center center","background-size":"auto","background-attachment":"scroll","background-type":"","background-media":"","overlay-type":"","overlay-color":"","overlay-opacity":"","overlay-gradient":""}},"ast-content-background-meta":{"desktop":{"background-color":"var(--ast-global-color-5)","background-image":"","background-repeat":"repeat","background-position":"center center","background-size":"auto","background-attachment":"scroll","background-type":"","background-media":"","overlay-type":"","overlay-color":"","overlay-opacity":"","overlay-gradient":""},"tablet":{"background-color":"var(--ast-global-color-5)","background-image":"","background-repeat":"repeat","background-position":"center center","background-size":"auto","background-attachment":"scroll","background-type":"","background-media":"","overlay-type":"","overlay-color":"","overlay-opacity":"","overlay-gradient":""},"mobile":{"background-color":"var(--ast-global-color-5)","background-image":"","background-repeat":"repeat","background-position":"center center","background-size":"auto","background-attachment":"scroll","background-type":"","background-media":"","overlay-type":"","overlay-color":"","overlay-opacity":"","overlay-gradient":""}},"footnotes":""},"class_list":["post-192","page","type-page","status-publish","hentry"],"yoast_head":"<!-- This site is optimized with the Yoast SEO plugin v26.8 - https:\/\/yoast.com\/product\/yoast-seo-wordpress\/ -->\n<title>EX\u00c1MENES DE SELECTIVIDAD \u2013 EvAU MADRID - Clases particulares academia online<\/title>\n<meta name=\"robots\" content=\"index, follow, max-snippet:-1, max-image-preview:large, max-video-preview:-1\" \/>\n<link rel=\"canonical\" href=\"https:\/\/clases.academiaeureka.com.es\/clases\/recursos-para-estudiantes\/examenes-de-selectividad-evau-madrid\/\" \/>\n<meta property=\"og:locale\" content=\"es_ES\" \/>\n<meta property=\"og:type\" content=\"article\" \/>\n<meta property=\"og:title\" content=\"EX\u00c1MENES DE SELECTIVIDAD \u2013 EvAU MADRID - Clases particulares academia online\" \/>\n<meta property=\"og:description\" content=\"Prep\u00e1rate la Selectividad con Academia Eureka Aqu\u00ed encontrar\u00e1s todos los ex\u00e1menes de las materias que entran en la EvAU de [&hellip;]\" \/>\n<meta property=\"og:url\" content=\"https:\/\/clases.academiaeureka.com.es\/clases\/recursos-para-estudiantes\/examenes-de-selectividad-evau-madrid\/\" \/>\n<meta property=\"og:site_name\" content=\"Clases particulares academia online\" \/>\n<meta property=\"article:modified_time\" content=\"2024-09-16T09:15:07+00:00\" \/>\n<meta name=\"twitter:card\" content=\"summary_large_image\" \/>\n<meta name=\"twitter:label1\" content=\"Tiempo de lectura\" \/>\n\t<meta name=\"twitter:data1\" content=\"1 minuto\" \/>\n<script type=\"application\/ld+json\" class=\"yoast-schema-graph\">{\"@context\":\"https:\/\/schema.org\",\"@graph\":[{\"@type\":\"WebPage\",\"@id\":\"https:\/\/clases.academiaeureka.com.es\/clases\/recursos-para-estudiantes\/examenes-de-selectividad-evau-madrid\/\",\"url\":\"https:\/\/clases.academiaeureka.com.es\/clases\/recursos-para-estudiantes\/examenes-de-selectividad-evau-madrid\/\",\"name\":\"EX\u00c1MENES DE SELECTIVIDAD \u2013 EvAU MADRID - Clases particulares academia online\",\"isPartOf\":{\"@id\":\"https:\/\/clases.academiaeureka.com.es\/clases\/#website\"},\"datePublished\":\"2024-09-10T10:59:22+00:00\",\"dateModified\":\"2024-09-16T09:15:07+00:00\",\"breadcrumb\":{\"@id\":\"https:\/\/clases.academiaeureka.com.es\/clases\/recursos-para-estudiantes\/examenes-de-selectividad-evau-madrid\/#breadcrumb\"},\"inLanguage\":\"es\",\"potentialAction\":[{\"@type\":\"ReadAction\",\"target\":[\"https:\/\/clases.academiaeureka.com.es\/clases\/recursos-para-estudiantes\/examenes-de-selectividad-evau-madrid\/\"]}]},{\"@type\":\"BreadcrumbList\",\"@id\":\"https:\/\/clases.academiaeureka.com.es\/clases\/recursos-para-estudiantes\/examenes-de-selectividad-evau-madrid\/#breadcrumb\",\"itemListElement\":[{\"@type\":\"ListItem\",\"position\":1,\"name\":\"Portada\",\"item\":\"https:\/\/clases.academiaeureka.com.es\/clases\/\"},{\"@type\":\"ListItem\",\"position\":2,\"name\":\"Recursos para estudiantes\",\"item\":\"https:\/\/clases.academiaeureka.com.es\/clases\/recursos-para-estudiantes\/\"},{\"@type\":\"ListItem\",\"position\":3,\"name\":\"EX\u00c1MENES DE SELECTIVIDAD \u2013 EvAU MADRID\"}]},{\"@type\":\"WebSite\",\"@id\":\"https:\/\/clases.academiaeureka.com.es\/clases\/#website\",\"url\":\"https:\/\/clases.academiaeureka.com.es\/clases\/\",\"name\":\"Clases particulares - Academia Online\",\"description\":\"+34 628 89 80 04\",\"publisher\":{\"@id\":\"https:\/\/clases.academiaeureka.com.es\/clases\/#organization\"},\"potentialAction\":[{\"@type\":\"SearchAction\",\"target\":{\"@type\":\"EntryPoint\",\"urlTemplate\":\"https:\/\/clases.academiaeureka.com.es\/clases\/?s={search_term_string}\"},\"query-input\":{\"@type\":\"PropertyValueSpecification\",\"valueRequired\":true,\"valueName\":\"search_term_string\"}}],\"inLanguage\":\"es\"},{\"@type\":\"Organization\",\"@id\":\"https:\/\/clases.academiaeureka.com.es\/clases\/#organization\",\"name\":\"Academia Eureka\",\"url\":\"https:\/\/clases.academiaeureka.com.es\/clases\/\",\"logo\":{\"@type\":\"ImageObject\",\"inLanguage\":\"es\",\"@id\":\"https:\/\/clases.academiaeureka.com.es\/clases\/#\/schema\/logo\/image\/\",\"url\":\"https:\/\/clases.academiaeureka.com.es\/clases\/wp-content\/uploads\/2024\/08\/cropped-cropped-logo-1.png\",\"contentUrl\":\"https:\/\/clases.academiaeureka.com.es\/clases\/wp-content\/uploads\/2024\/08\/cropped-cropped-logo-1.png\",\"width\":512,\"height\":512,\"caption\":\"Academia Eureka\"},\"image\":{\"@id\":\"https:\/\/clases.academiaeureka.com.es\/clases\/#\/schema\/logo\/image\/\"}}]}<\/script>\n<!-- \/ Yoast SEO plugin. -->","yoast_head_json":{"title":"EX\u00c1MENES DE SELECTIVIDAD \u2013 EvAU MADRID - Clases particulares academia online","robots":{"index":"index","follow":"follow","max-snippet":"max-snippet:-1","max-image-preview":"max-image-preview:large","max-video-preview":"max-video-preview:-1"},"canonical":"https:\/\/clases.academiaeureka.com.es\/clases\/recursos-para-estudiantes\/examenes-de-selectividad-evau-madrid\/","og_locale":"es_ES","og_type":"article","og_title":"EX\u00c1MENES DE SELECTIVIDAD \u2013 EvAU MADRID - Clases particulares academia online","og_description":"Prep\u00e1rate la Selectividad con Academia Eureka Aqu\u00ed encontrar\u00e1s todos los ex\u00e1menes de las materias que entran en la EvAU de [&hellip;]","og_url":"https:\/\/clases.academiaeureka.com.es\/clases\/recursos-para-estudiantes\/examenes-de-selectividad-evau-madrid\/","og_site_name":"Clases particulares academia online","article_modified_time":"2024-09-16T09:15:07+00:00","twitter_card":"summary_large_image","twitter_misc":{"Tiempo de lectura":"1 minuto"},"schema":{"@context":"https:\/\/schema.org","@graph":[{"@type":"WebPage","@id":"https:\/\/clases.academiaeureka.com.es\/clases\/recursos-para-estudiantes\/examenes-de-selectividad-evau-madrid\/","url":"https:\/\/clases.academiaeureka.com.es\/clases\/recursos-para-estudiantes\/examenes-de-selectividad-evau-madrid\/","name":"EX\u00c1MENES DE SELECTIVIDAD \u2013 EvAU MADRID - Clases particulares academia online","isPartOf":{"@id":"https:\/\/clases.academiaeureka.com.es\/clases\/#website"},"datePublished":"2024-09-10T10:59:22+00:00","dateModified":"2024-09-16T09:15:07+00:00","breadcrumb":{"@id":"https:\/\/clases.academiaeureka.com.es\/clases\/recursos-para-estudiantes\/examenes-de-selectividad-evau-madrid\/#breadcrumb"},"inLanguage":"es","potentialAction":[{"@type":"ReadAction","target":["https:\/\/clases.academiaeureka.com.es\/clases\/recursos-para-estudiantes\/examenes-de-selectividad-evau-madrid\/"]}]},{"@type":"BreadcrumbList","@id":"https:\/\/clases.academiaeureka.com.es\/clases\/recursos-para-estudiantes\/examenes-de-selectividad-evau-madrid\/#breadcrumb","itemListElement":[{"@type":"ListItem","position":1,"name":"Portada","item":"https:\/\/clases.academiaeureka.com.es\/clases\/"},{"@type":"ListItem","position":2,"name":"Recursos para estudiantes","item":"https:\/\/clases.academiaeureka.com.es\/clases\/recursos-para-estudiantes\/"},{"@type":"ListItem","position":3,"name":"EX\u00c1MENES DE SELECTIVIDAD \u2013 EvAU MADRID"}]},{"@type":"WebSite","@id":"https:\/\/clases.academiaeureka.com.es\/clases\/#website","url":"https:\/\/clases.academiaeureka.com.es\/clases\/","name":"Clases particulares - Academia Online","description":"+34 628 89 80 04","publisher":{"@id":"https:\/\/clases.academiaeureka.com.es\/clases\/#organization"},"potentialAction":[{"@type":"SearchAction","target":{"@type":"EntryPoint","urlTemplate":"https:\/\/clases.academiaeureka.com.es\/clases\/?s={search_term_string}"},"query-input":{"@type":"PropertyValueSpecification","valueRequired":true,"valueName":"search_term_string"}}],"inLanguage":"es"},{"@type":"Organization","@id":"https:\/\/clases.academiaeureka.com.es\/clases\/#organization","name":"Academia Eureka","url":"https:\/\/clases.academiaeureka.com.es\/clases\/","logo":{"@type":"ImageObject","inLanguage":"es","@id":"https:\/\/clases.academiaeureka.com.es\/clases\/#\/schema\/logo\/image\/","url":"https:\/\/clases.academiaeureka.com.es\/clases\/wp-content\/uploads\/2024\/08\/cropped-cropped-logo-1.png","contentUrl":"https:\/\/clases.academiaeureka.com.es\/clases\/wp-content\/uploads\/2024\/08\/cropped-cropped-logo-1.png","width":512,"height":512,"caption":"Academia Eureka"},"image":{"@id":"https:\/\/clases.academiaeureka.com.es\/clases\/#\/schema\/logo\/image\/"}}]}},"uagb_featured_image_src":{"full":false,"thumbnail":false,"medium":false,"medium_large":false,"large":false,"1536x1536":false,"2048x2048":false},"uagb_author_info":{"display_name":"Jorge","author_link":"https:\/\/clases.academiaeureka.com.es\/clases\/author\/jorge\/"},"uagb_comment_info":0,"uagb_excerpt":"Prep\u00e1rate la Selectividad con Academia Eureka Aqu\u00ed encontrar\u00e1s todos los ex\u00e1menes de las materias que entran en la EvAU de [&hellip;]","jetpack_sharing_enabled":true,"_links":{"self":[{"href":"https:\/\/clases.academiaeureka.com.es\/clases\/wp-json\/wp\/v2\/pages\/192","targetHints":{"allow":["GET"]}}],"collection":[{"href":"https:\/\/clases.academiaeureka.com.es\/clases\/wp-json\/wp\/v2\/pages"}],"about":[{"href":"https:\/\/clases.academiaeureka.com.es\/clases\/wp-json\/wp\/v2\/types\/page"}],"author":[{"embeddable":true,"href":"https:\/\/clases.academiaeureka.com.es\/clases\/wp-json\/wp\/v2\/users\/2"}],"replies":[{"embeddable":true,"href":"https:\/\/clases.academiaeureka.com.es\/clases\/wp-json\/wp\/v2\/comments?post=192"}],"version-history":[{"count":7,"href":"https:\/\/clases.academiaeureka.com.es\/clases\/wp-json\/wp\/v2\/pages\/192\/revisions"}],"predecessor-version":[{"id":249,"href":"https:\/\/clases.academiaeureka.com.es\/clases\/wp-json\/wp\/v2\/pages\/192\/revisions\/249"}],"up":[{"embeddable":true,"href":"https:\/\/clases.academiaeureka.com.es\/clases\/wp-json\/wp\/v2\/pages\/182"}],"wp:attachment":[{"href":"https:\/\/clases.academiaeureka.com.es\/clases\/wp-json\/wp\/v2\/media?parent=192"}],"curies":[{"name":"wp","href":"https:\/\/api.w.org\/{rel}","templated":true}]}}